{"id":7636,"date":"2023-02-13T07:42:03","date_gmt":"2023-02-13T10:42:03","guid":{"rendered":"https:\/\/jorgeoesterheld.com\/?page_id=7636"},"modified":"2025-08-27T16:47:08","modified_gmt":"2025-08-27T19:47:08","slug":"colaborar","status":"publish","type":"page","link":"https:\/\/jorgeoesterheld.com\/?page_id=7636","title":{"rendered":"Colaborar"},"content":{"rendered":"\n<hr class=\"wp-block-separator has-alpha-channel-opacity\"\/>\n\n\n\n<p>La colaboraci\u00f3n m\u00e1s importante es <strong>difundir el contenido de este portal<\/strong>, adem\u00e1s puedes suscribirte <a href=\"https:\/\/jorgeoesterheld.com\/?page_id=8233\" target=\"_blank\" rel=\"noreferrer noopener\">aqu\u00ed<\/a> para recibir todo lo que publico y tambi\u00e9n puedes colaborar con mis actividades pastorales y las de la parroquia: <strong>haciendo una transferencia\u00a0a mi cuenta en el Banco Santander aqu\u00ed:<\/strong><\/p>\n\n\n\n<p class=\"has-text-align-center\"><strong>ALIAS<\/strong>:\u00a0jorgeoe<\/p>\n\n\n\n<p class=\"has-text-align-center\"><strong>CUIT<\/strong>: 20050993206<\/p>\n\n\n\n<hr class=\"wp-block-separator has-alpha-channel-opacity\"\/>\n\n\n\n<p class=\"has-text-align-center\"><strong>En Mercado Pago el alias es: <\/strong><\/p>\n\n\n\n<p class=\"has-text-align-center\"><strong>jorge.libro.nuevo<\/strong><\/p>\n\n\n\n<hr class=\"wp-block-separator has-alpha-channel-opacity\"\/>\n\n\n\n<p><\/p>\n","protected":false},"excerpt":{"rendered":"<p>La colaboraci\u00f3n m\u00e1s importante es difundir el contenido de este portal, adem\u00e1s puedes suscribirte aqu\u00ed para recibir todo lo que publico y tambi\u00e9n puedes colaborar con mis actividades pastorales y las de la parroquia: haciendo una transferencia\u00a0a mi cuenta en el Banco Santander aqu\u00ed: ALIAS:\u00a0jorgeoe CUIT: 20050993206 En Mercado Pago el alias es: jorge.libro.nuevo<\/p>\n","protected":false},"author":1,"featured_media":0,"parent":0,"menu_order":0,"comment_status":"closed","ping_status":"closed","template":"","meta":{"neve_meta_sidebar":"full-width","neve_meta_container":"contained","neve_meta_enable_content_width":"on","neve_meta_content_width":80,"neve_meta_title_alignment":"center","neve_meta_author_avatar":"","neve_post_elements_order":"","neve_meta_disable_header":"","neve_meta_disable_footer":"","neve_meta_disable_title":"off","footnotes":""},"class_list":["post-7636","page","type-page","status-publish","hentry"],"jetpack_sharing_enabled":true,"_links":{"self":[{"href":"https:\/\/jorgeoesterheld.com\/index.php?rest_route=\/wp\/v2\/pages\/7636","targetHints":{"allow":["GET"]}}],"collection":[{"href":"https:\/\/jorgeoesterheld.com\/index.php?rest_route=\/wp\/v2\/pages"}],"about":[{"href":"https:\/\/jorgeoesterheld.com\/index.php?rest_route=\/wp\/v2\/types\/page"}],"author":[{"embeddable":true,"href":"https:\/\/jorgeoesterheld.com\/index.php?rest_route=\/wp\/v2\/users\/1"}],"replies":[{"embeddable":true,"href":"https:\/\/jorgeoesterheld.com\/index.php?rest_route=%2Fwp%2Fv2%2Fcomments&post=7636"}],"version-history":[{"count":9,"href":"https:\/\/jorgeoesterheld.com\/index.php?rest_route=\/wp\/v2\/pages\/7636\/revisions"}],"predecessor-version":[{"id":12082,"href":"https:\/\/jorgeoesterheld.com\/index.php?rest_route=\/wp\/v2\/pages\/7636\/revisions\/12082"}],"wp:attachment":[{"href":"https:\/\/jorgeoesterheld.com\/index.php?rest_route=%2Fwp%2Fv2%2Fmedia&parent=7636"}],"curies":[{"name":"wp","href":"https:\/\/api.w.org\/{rel}","templated":true}]}}