{"id":12651,"date":"2026-01-10T15:31:53","date_gmt":"2026-01-10T18:31:53","guid":{"rendered":"https:\/\/jorgeoesterheld.com\/?page_id=12651"},"modified":"2026-04-06T10:51:52","modified_gmt":"2026-04-06T13:51:52","slug":"domingos-ciclo-a-2026","status":"publish","type":"page","link":"https:\/\/jorgeoesterheld.com\/?page_id=12651","title":{"rendered":"Domingos ciclo A 2026"},"content":{"rendered":"<div class=\"wp-block-image\">\n<figure class=\"aligncenter size-large is-resized has-custom-border\"><img fetchpriority=\"high\" decoding=\"async\" width=\"873\" height=\"1024\" src=\"https:\/\/jorgeoesterheld.com\/wp-content\/uploads\/2026\/01\/pan2-873x1024.jpg\" alt=\"\" class=\"wp-image-12643\" style=\"border-top-left-radius:26px;border-top-right-radius:26px;border-bottom-left-radius:26px;border-bottom-right-radius:26px;aspect-ratio:0.7754094682521876;width:231px;height:auto\" srcset=\"https:\/\/jorgeoesterheld.com\/wp-content\/uploads\/2026\/01\/pan2-873x1024.jpg 873w, https:\/\/jorgeoesterheld.com\/wp-content\/uploads\/2026\/01\/pan2-256x300.jpg 256w, https:\/\/jorgeoesterheld.com\/wp-content\/uploads\/2026\/01\/pan2-768x901.jpg 768w, https:\/\/jorgeoesterheld.com\/wp-content\/uploads\/2026\/01\/pan2.jpg 908w\" sizes=\"(max-width: 873px) 100vw, 873px\" \/><\/figure>\n<\/div>\n\n\n<hr class=\"wp-block-separator has-alpha-channel-opacity\"\/>\n\n\n<div class=\"wp-block-image\">\n<figure class=\"aligncenter size-full is-resized has-custom-border\"><img decoding=\"async\" width=\"757\" height=\"497\" src=\"https:\/\/jorgeoesterheld.com\/wp-content\/uploads\/2025\/04\/3ad9ae0b-ab96-4b12-8fd2-797f51b732d5.jpg\" alt=\"\" class=\"wp-image-11509\" style=\"border-top-left-radius:17px;border-top-right-radius:17px;border-bottom-left-radius:17px;border-bottom-right-radius:17px;aspect-ratio:1.5231895850284785;width:312px;height:auto\" srcset=\"https:\/\/jorgeoesterheld.com\/wp-content\/uploads\/2025\/04\/3ad9ae0b-ab96-4b12-8fd2-797f51b732d5.jpg 757w, https:\/\/jorgeoesterheld.com\/wp-content\/uploads\/2025\/04\/3ad9ae0b-ab96-4b12-8fd2-797f51b732d5-300x197.jpg 300w\" sizes=\"(max-width: 757px) 100vw, 757px\" \/><\/figure>\n<\/div>\n\n\n<p class=\"has-text-align-center\"><strong><a href=\"https:\/\/jorgeoesterheld.com\/?page_id=12407\" data-type=\"page\" data-id=\"12407\">PASCUA<\/a><\/strong><\/p>\n\n\n\n<hr class=\"wp-block-separator has-alpha-channel-opacity\"\/>\n\n\n<div class=\"wp-block-image\">\n<figure class=\"aligncenter size-large is-resized has-custom-border\"><img decoding=\"async\" width=\"794\" height=\"1024\" src=\"https:\/\/jorgeoesterheld.com\/wp-content\/uploads\/2026\/01\/IMG_0173-scaled-e1768044741928-794x1024.jpeg\" alt=\"\" class=\"wp-image-12635\" style=\"border-top-left-radius:18px;border-top-right-radius:18px;border-bottom-left-radius:18px;border-bottom-right-radius:18px;aspect-ratio:0.7754094682521876;width:296px;height:auto\" srcset=\"https:\/\/jorgeoesterheld.com\/wp-content\/uploads\/2026\/01\/IMG_0173-scaled-e1768044741928-794x1024.jpeg 794w, https:\/\/jorgeoesterheld.com\/wp-content\/uploads\/2026\/01\/IMG_0173-scaled-e1768044741928-233x300.jpeg 233w, https:\/\/jorgeoesterheld.com\/wp-content\/uploads\/2026\/01\/IMG_0173-scaled-e1768044741928-768x991.jpeg 768w, https:\/\/jorgeoesterheld.com\/wp-content\/uploads\/2026\/01\/IMG_0173-scaled-e1768044741928-1191x1536.jpeg 1191w, https:\/\/jorgeoesterheld.com\/wp-content\/uploads\/2026\/01\/IMG_0173-scaled-e1768044741928-1587x2048.jpeg 1587w, https:\/\/jorgeoesterheld.com\/wp-content\/uploads\/2026\/01\/IMG_0173-scaled-e1768044741928.jpeg 1634w\" sizes=\"(max-width: 794px) 100vw, 794px\" \/><\/figure>\n<\/div>\n\n\n<p class=\"has-text-align-center\"><strong><a href=\"https:\/\/jorgeoesterheld.com\/?page_id=12412\" target=\"_blank\" rel=\"noreferrer noopener\">DURANTE EL A\u00d1O<\/a><\/strong><\/p>\n\n\n\n<hr class=\"wp-block-separator has-alpha-channel-opacity\"\/>\n\n\n<div class=\"wp-block-image\">\n<figure class=\"aligncenter size-full is-resized has-custom-border\"><img loading=\"lazy\" decoding=\"async\" width=\"800\" height=\"397\" src=\"https:\/\/jorgeoesterheld.com\/wp-content\/uploads\/2025\/03\/cuaresma.jpeg\" alt=\"\" class=\"wp-image-11423\" style=\"border-top-left-radius:19px;border-top-right-radius:19px;border-bottom-left-radius:19px;border-bottom-right-radius:19px;aspect-ratio:2.0152507401094466;width:431px;height:auto\" srcset=\"https:\/\/jorgeoesterheld.com\/wp-content\/uploads\/2025\/03\/cuaresma.jpeg 800w, https:\/\/jorgeoesterheld.com\/wp-content\/uploads\/2025\/03\/cuaresma-300x149.jpeg 300w, https:\/\/jorgeoesterheld.com\/wp-content\/uploads\/2025\/03\/cuaresma-768x381.jpeg 768w\" sizes=\"(max-width: 800px) 100vw, 800px\" \/><\/figure>\n<\/div>\n\n\n<p class=\"has-text-align-center\"><strong><a href=\"https:\/\/jorgeoesterheld.com\/?page_id=12756\" target=\"_blank\" rel=\"noreferrer noopener\">CUARESMA<\/a><\/strong><\/p>\n\n\n\n<hr class=\"wp-block-separator has-alpha-channel-opacity\"\/>\n\n\n<div class=\"wp-block-image\">\n<figure class=\"aligncenter size-full has-custom-border\"><img loading=\"lazy\" decoding=\"async\" width=\"400\" height=\"221\" src=\"https:\/\/jorgeoesterheld.com\/wp-content\/uploads\/2025\/01\/adv.jpeg\" alt=\"\" class=\"wp-image-11241\" style=\"border-top-left-radius:19px;border-top-right-radius:19px;border-bottom-left-radius:19px;border-bottom-right-radius:19px\" srcset=\"https:\/\/jorgeoesterheld.com\/wp-content\/uploads\/2025\/01\/adv.jpeg 400w, https:\/\/jorgeoesterheld.com\/wp-content\/uploads\/2025\/01\/adv-300x166.jpeg 300w\" sizes=\"(max-width: 400px) 100vw, 400px\" \/><\/figure>\n<\/div>\n\n\n<p class=\"has-text-align-center\"><strong><a href=\"https:\/\/jorgeoesterheld.com\/?page_id=12402\" target=\"_blank\" rel=\"noreferrer noopener\">ADVIENTO Y NAVIDAD<\/a><\/strong><\/p>\n\n\n\n<hr class=\"wp-block-separator has-alpha-channel-opacity\"\/>\n\n\n\n<p class=\"has-text-align-center\">CICLO B &#8211; <a href=\"https:\/\/jorgeoesterheld.com\/?page_id=12447\" target=\"_blank\" rel=\"noreferrer noopener\">CICLO C<\/a><\/p>\n\n\n\n<p class=\"has-text-align-center\"><a href=\"https:\/\/jorgeoesterheld.com\/?page_id=12391\" target=\"_blank\" rel=\"noreferrer noopener\">El a\u00f1o lit\u00fargico<\/a><\/p>\n\n\n\n<hr class=\"wp-block-separator has-alpha-channel-opacity\"\/>\n\n\n<div class=\"wp-block-image is-style-rounded\">\n<figure class=\"aligncenter size-full\"><a href=\"https:\/\/open.spotify.com\/show\/1JK37EK8v0riXin50gaOcn?si=6770a51c62ac4377&amp;nd=1&amp;dlsi=d92aafb4f03b48bc\" target=\"_blank\" rel=\" noreferrer noopener\"><img loading=\"lazy\" decoding=\"async\" width=\"255\" height=\"117\" src=\"https:\/\/jorgeoesterheld.com\/wp-content\/uploads\/2023\/11\/audio-hom.jpg\" alt=\"\" class=\"wp-image-9259\"\/><\/a><\/figure>\n<\/div>\n\n\n<hr class=\"wp-block-separator has-alpha-channel-opacity\"\/>\n","protected":false},"excerpt":{"rendered":"<p>PASCUA DURANTE EL A\u00d1O CUARESMA ADVIENTO Y NAVIDAD CICLO B &#8211; CICLO C El a\u00f1o lit\u00fargico<\/p>\n","protected":false},"author":1,"featured_media":0,"parent":0,"menu_order":0,"comment_status":"closed","ping_status":"closed","template":"","meta":{"neve_meta_sidebar":"full-width","neve_meta_container":"","neve_meta_enable_content_width":"","neve_meta_content_width":0,"neve_meta_title_alignment":"","neve_meta_author_avatar":"","neve_post_elements_order":"","neve_meta_disable_header":"","neve_meta_disable_footer":"","neve_meta_disable_title":"off","jetpack_post_was_ever_published":false,"footnotes":""},"class_list":["post-12651","page","type-page","status-publish","hentry"],"jetpack_sharing_enabled":true,"_links":{"self":[{"href":"https:\/\/jorgeoesterheld.com\/index.php?rest_route=\/wp\/v2\/pages\/12651","targetHints":{"allow":["GET"]}}],"collection":[{"href":"https:\/\/jorgeoesterheld.com\/index.php?rest_route=\/wp\/v2\/pages"}],"about":[{"href":"https:\/\/jorgeoesterheld.com\/index.php?rest_route=\/wp\/v2\/types\/page"}],"author":[{"embeddable":true,"href":"https:\/\/jorgeoesterheld.com\/index.php?rest_route=\/wp\/v2\/users\/1"}],"replies":[{"embeddable":true,"href":"https:\/\/jorgeoesterheld.com\/index.php?rest_route=%2Fwp%2Fv2%2Fcomments&post=12651"}],"version-history":[{"count":14,"href":"https:\/\/jorgeoesterheld.com\/index.php?rest_route=\/wp\/v2\/pages\/12651\/revisions"}],"predecessor-version":[{"id":12826,"href":"https:\/\/jorgeoesterheld.com\/index.php?rest_route=\/wp\/v2\/pages\/12651\/revisions\/12826"}],"wp:attachment":[{"href":"https:\/\/jorgeoesterheld.com\/index.php?rest_route=%2Fwp%2Fv2%2Fmedia&parent=12651"}],"curies":[{"name":"wp","href":"https:\/\/api.w.org\/{rel}","templated":true}]}}