{"id":12447,"date":"2025-11-25T10:15:20","date_gmt":"2025-11-25T13:15:20","guid":{"rendered":"https:\/\/jorgeoesterheld.com\/?page_id=12447"},"modified":"2025-11-25T10:47:16","modified_gmt":"2025-11-25T13:47:16","slug":"domingos-ciclo-c","status":"publish","type":"page","link":"https:\/\/jorgeoesterheld.com\/?page_id=12447","title":{"rendered":"Domingos CICLO C"},"content":{"rendered":"\n<hr class=\"wp-block-separator has-alpha-channel-opacity\"\/>\n\n\n<div class=\"wp-block-image is-style-rounded\">\n<figure class=\"aligncenter size-full is-resized\"><img fetchpriority=\"high\" decoding=\"async\" width=\"400\" height=\"221\" src=\"https:\/\/jorgeoesterheld.com\/wp-content\/uploads\/2025\/01\/adv.jpeg\" alt=\"\" class=\"wp-image-11241\" style=\"width:256px;height:auto\" srcset=\"https:\/\/jorgeoesterheld.com\/wp-content\/uploads\/2025\/01\/adv.jpeg 400w, https:\/\/jorgeoesterheld.com\/wp-content\/uploads\/2025\/01\/adv-300x166.jpeg 300w\" sizes=\"(max-width: 400px) 100vw, 400px\" \/><\/figure>\n<\/div>\n\n\n<h1 class=\"wp-block-heading has-text-align-center\"><a href=\"https:\/\/jorgeoesterheld.com\/?page_id=11214\" target=\"_blank\" rel=\"noreferrer noopener\">Advi<\/a><a href=\"https:\/\/jorgeoesterheld.com\/?page_id=11214\" target=\"_blank\" rel=\"noreferrer noopener\">ento<\/a><strong><a href=\"https:\/\/jorgeoesterheld.com\/?page_id=11214\" target=\"_blank\" rel=\"noreferrer noopener\"> y<\/a><\/strong> <a href=\"https:\/\/jorgeoesterheld.com\/?page_id=11214\" target=\"_blank\" rel=\"noreferrer noopener\">Navidad<\/a><\/h1>\n\n\n\n<hr class=\"wp-block-separator has-alpha-channel-opacity\"\/>\n\n\n<div class=\"wp-block-image is-style-rounded\">\n<figure class=\"aligncenter size-full\"><img decoding=\"async\" width=\"200\" height=\"200\" src=\"https:\/\/jorgeoesterheld.com\/wp-content\/uploads\/2025\/01\/c8946c_20526.jpg\" alt=\"\" class=\"wp-image-11238\" srcset=\"https:\/\/jorgeoesterheld.com\/wp-content\/uploads\/2025\/01\/c8946c_20526.jpg 200w, https:\/\/jorgeoesterheld.com\/wp-content\/uploads\/2025\/01\/c8946c_20526-150x150.jpg 150w\" sizes=\"(max-width: 200px) 100vw, 200px\" \/><\/figure>\n<\/div>\n\n\n<h1 class=\"wp-block-heading has-text-align-center\"><a href=\"https:\/\/jorgeoesterheld.com\/?page_id=11211\" target=\"_blank\" rel=\"noreferrer noopener\">Durante el a\u00f1o<\/a><\/h1>\n\n\n\n<hr class=\"wp-block-separator has-alpha-channel-opacity\"\/>\n\n\n<div class=\"wp-block-image is-style-rounded\">\n<figure class=\"aligncenter size-full is-resized\"><img decoding=\"async\" width=\"800\" height=\"397\" src=\"https:\/\/jorgeoesterheld.com\/wp-content\/uploads\/2025\/03\/cuaresma.jpeg\" alt=\"\" class=\"wp-image-11423\" style=\"width:240px;height:auto\" srcset=\"https:\/\/jorgeoesterheld.com\/wp-content\/uploads\/2025\/03\/cuaresma.jpeg 800w, https:\/\/jorgeoesterheld.com\/wp-content\/uploads\/2025\/03\/cuaresma-300x149.jpeg 300w, https:\/\/jorgeoesterheld.com\/wp-content\/uploads\/2025\/03\/cuaresma-768x381.jpeg 768w\" sizes=\"(max-width: 800px) 100vw, 800px\" \/><\/figure>\n<\/div>\n\n\n<h1 class=\"wp-block-heading has-text-align-center\"><strong><a href=\"https:\/\/jorgeoesterheld.com\/?page_id=11422\">Cuaresma<\/a><\/strong><\/h1>\n\n\n\n<hr class=\"wp-block-separator has-alpha-channel-opacity\"\/>\n\n\n<div class=\"wp-block-image is-style-rounded\">\n<figure class=\"aligncenter size-full is-resized\"><img loading=\"lazy\" decoding=\"async\" width=\"757\" height=\"497\" src=\"https:\/\/jorgeoesterheld.com\/wp-content\/uploads\/2025\/04\/3ad9ae0b-ab96-4b12-8fd2-797f51b732d5.jpg\" alt=\"\" class=\"wp-image-11509\" style=\"width:235px;height:auto\" srcset=\"https:\/\/jorgeoesterheld.com\/wp-content\/uploads\/2025\/04\/3ad9ae0b-ab96-4b12-8fd2-797f51b732d5.jpg 757w, https:\/\/jorgeoesterheld.com\/wp-content\/uploads\/2025\/04\/3ad9ae0b-ab96-4b12-8fd2-797f51b732d5-300x197.jpg 300w\" sizes=\"(max-width: 757px) 100vw, 757px\" \/><\/figure>\n<\/div>\n\n\n<h1 class=\"wp-block-heading has-text-align-center\"><a href=\"https:\/\/jorgeoesterheld.com\/?page_id=11508\"><strong>Pascua<\/strong><\/a><\/h1>\n\n\n\n<hr class=\"wp-block-separator has-alpha-channel-opacity\"\/>\n\n\n\n<p class=\"has-text-align-center\"><a href=\"https:\/\/jorgeoesterheld.com\/?page_id=12437\" target=\"_blank\" rel=\"noreferrer noopener\">CICLO A<\/a> &#8211; CICLO B<\/p>\n\n\n\n<p class=\"has-text-align-center\"><a href=\"https:\/\/jorgeoesterheld.com\/?page_id=12391\" target=\"_blank\" rel=\"noreferrer noopener\">El a\u00f1o lit\u00fargico<\/a><\/p>\n\n\n\n<hr class=\"wp-block-separator has-alpha-channel-opacity\"\/>\n\n\n<div class=\"wp-block-image is-style-rounded\">\n<figure class=\"aligncenter size-full is-resized\"><a href=\"https:\/\/open.spotify.com\/show\/1JK37EK8v0riXin50gaOcn?si=6770a51c62ac4377&amp;nd=1&amp;dlsi=d92aafb4f03b48bc\"><img loading=\"lazy\" decoding=\"async\" width=\"255\" height=\"117\" src=\"https:\/\/jorgeoesterheld.com\/wp-content\/uploads\/2023\/11\/audio-hom.jpg\" alt=\"\" class=\"wp-image-9259\" style=\"width:173px;height:auto\"\/><\/a><\/figure>\n<\/div>\n\n\n<hr class=\"wp-block-separator has-alpha-channel-opacity\"\/>\n","protected":false},"excerpt":{"rendered":"<p>Adviento y Navidad Durante el a\u00f1o Cuaresma Pascua CICLO A &#8211; CICLO B El a\u00f1o lit\u00fargico<\/p>\n","protected":false},"author":1,"featured_media":0,"parent":0,"menu_order":0,"comment_status":"closed","ping_status":"closed","template":"","meta":{"neve_meta_sidebar":"","neve_meta_container":"","neve_meta_enable_content_width":"","neve_meta_content_width":0,"neve_meta_title_alignment":"","neve_meta_author_avatar":"","neve_post_elements_order":"","neve_meta_disable_header":"","neve_meta_disable_footer":"","neve_meta_disable_title":"off","jetpack_post_was_ever_published":false,"footnotes":""},"class_list":["post-12447","page","type-page","status-publish","hentry"],"jetpack_sharing_enabled":true,"_links":{"self":[{"href":"https:\/\/jorgeoesterheld.com\/index.php?rest_route=\/wp\/v2\/pages\/12447","targetHints":{"allow":["GET"]}}],"collection":[{"href":"https:\/\/jorgeoesterheld.com\/index.php?rest_route=\/wp\/v2\/pages"}],"about":[{"href":"https:\/\/jorgeoesterheld.com\/index.php?rest_route=\/wp\/v2\/types\/page"}],"author":[{"embeddable":true,"href":"https:\/\/jorgeoesterheld.com\/index.php?rest_route=\/wp\/v2\/users\/1"}],"replies":[{"embeddable":true,"href":"https:\/\/jorgeoesterheld.com\/index.php?rest_route=%2Fwp%2Fv2%2Fcomments&post=12447"}],"version-history":[{"count":10,"href":"https:\/\/jorgeoesterheld.com\/index.php?rest_route=\/wp\/v2\/pages\/12447\/revisions"}],"predecessor-version":[{"id":12479,"href":"https:\/\/jorgeoesterheld.com\/index.php?rest_route=\/wp\/v2\/pages\/12447\/revisions\/12479"}],"wp:attachment":[{"href":"https:\/\/jorgeoesterheld.com\/index.php?rest_route=%2Fwp%2Fv2%2Fmedia&parent=12447"}],"curies":[{"name":"wp","href":"https:\/\/api.w.org\/{rel}","templated":true}]}}