{"id":12437,"date":"2025-11-25T10:03:23","date_gmt":"2025-11-25T13:03:23","guid":{"rendered":"https:\/\/jorgeoesterheld.com\/?page_id=12437"},"modified":"2026-01-10T08:53:57","modified_gmt":"2026-01-10T11:53:57","slug":"domingos-ciclo-a","status":"publish","type":"page","link":"https:\/\/jorgeoesterheld.com\/?page_id=12437","title":{"rendered":"Domingos Ciclo A"},"content":{"rendered":"\t\t<div data-elementor-type=\"wp-page\" data-elementor-id=\"12437\" class=\"elementor elementor-12437\">\n\t\t\t\t\t\t<section class=\"elementor-section elementor-top-section elementor-element elementor-element-138f0508 elementor-section-boxed elementor-section-height-default elementor-section-height-default\" data-id=\"138f0508\" data-element_type=\"section\">\n\t\t\t\t\t\t<div class=\"elementor-container elementor-column-gap-default\">\n\t\t\t\t\t<div class=\"elementor-column elementor-col-100 elementor-top-column elementor-element elementor-element-56d01c16\" data-id=\"56d01c16\" data-element_type=\"column\">\n\t\t\t<div class=\"elementor-widget-wrap elementor-element-populated\">\n\t\t\t\t\t\t<div class=\"elementor-element elementor-element-91ad1ea elementor-widget elementor-widget-text-editor\" data-id=\"91ad1ea\" data-element_type=\"widget\" data-widget_type=\"text-editor.default\">\n\t\t\t\t<div class=\"elementor-widget-container\">\n\t\t\t\t\t\t\t\t\t<hr class=\"wp-block-separator has-alpha-channel-opacity\" \/><div class=\"wp-block-image\">\n<figure class=\"aligncenter size-full is-resized has-custom-border\"><img fetchpriority=\"high\" decoding=\"async\" width=\"400\" height=\"221\" class=\"wp-image-11241\" style=\"border-radius: 28px; width: 251px; height: auto;\" src=\"https:\/\/jorgeoesterheld.com\/wp-content\/uploads\/2025\/01\/adv.jpeg\" alt=\"\" srcset=\"https:\/\/jorgeoesterheld.com\/wp-content\/uploads\/2025\/01\/adv.jpeg 400w, https:\/\/jorgeoesterheld.com\/wp-content\/uploads\/2025\/01\/adv-300x166.jpeg 300w\" sizes=\"(max-width: 400px) 100vw, 400px\" \/><\/figure>\n<\/div>\n<h1 class=\"wp-block-heading has-text-align-center\"><a href=\"https:\/\/jorgeoesterheld.com\/?page_id=12402\" target=\"_blank\" rel=\"noreferrer noopener\">Adviento<strong> y<\/strong> Navidad<\/a><\/h1>\n<hr class=\"wp-block-separator has-alpha-channel-opacity\" \/>\n<h1 class=\"wp-block-heading has-text-align-center\"><a href=\"https:\/\/jorgeoesterheld.com\/?page_id=12412\" target=\"_blank\" rel=\"noopener\">Durante el a\u00f1o<\/a><\/h1>\n<hr class=\"wp-block-separator has-alpha-channel-opacity\" \/>\n<h1 class=\"wp-block-heading has-text-align-center\"><strong>Cuaresma<\/strong><\/h1>\n<hr class=\"wp-block-separator has-alpha-channel-opacity\" \/>\n<h1 class=\"wp-block-heading has-text-align-center\"><strong>Pascua<\/strong><\/h1>\n<hr class=\"wp-block-separator has-alpha-channel-opacity\" \/>\n<p class=\"has-text-align-center\">CICLO B &#8211; <a href=\"https:\/\/jorgeoesterheld.com\/?page_id=12447\" target=\"_blank\" rel=\"noreferrer noopener\" data-type=\"page\" data-id=\"12447\">CICLO C<\/a><\/p>\n\n<p class=\"has-text-align-center\"><a href=\"https:\/\/jorgeoesterheld.com\/?page_id=12391\" target=\"_blank\" rel=\"noreferrer noopener\">El a\u00f1o lit\u00fargico<\/a><\/p>\n<hr class=\"wp-block-separator has-alpha-channel-opacity\" \/><div class=\"wp-block-image\">\n<figure class=\"aligncenter size-full is-resized has-custom-border\"><a href=\"https:\/\/open.spotify.com\/show\/1JK37EK8v0riXin50gaOcn?si=6770a51c62ac4377&amp;nd=1&amp;dlsi=d92aafb4f03b48bc\" target=\"_blank\" rel=\"noreferrer noopener\"><img decoding=\"async\" width=\"255\" height=\"117\" class=\"wp-image-9259\" style=\"border-radius: 28px; width: 147px; height: auto;\" src=\"https:\/\/jorgeoesterheld.com\/wp-content\/uploads\/2023\/11\/audio-hom.jpg\" alt=\"\" \/><\/a><\/figure>\n<\/div><hr class=\"wp-block-separator has-alpha-channel-opacity\" \/>\n<p>\u00a0<\/p>\n\t\t\t\t\t\t\t\t<\/div>\n\t\t\t\t<\/div>\n\t\t\t\t\t<\/div>\n\t\t<\/div>\n\t\t\t\t\t<\/div>\n\t\t<\/section>\n\t\t\t\t<\/div>\n\t\t","protected":false},"excerpt":{"rendered":"<p>Adviento y Navidad Durante el a\u00f1o Cuaresma Pascua CICLO B &#8211; CICLO C El a\u00f1o lit\u00fargico \u00a0<\/p>\n","protected":false},"author":1,"featured_media":0,"parent":0,"menu_order":0,"comment_status":"closed","ping_status":"closed","template":"","meta":{"neve_meta_sidebar":"full-width","neve_meta_container":"","neve_meta_enable_content_width":"","neve_meta_content_width":0,"neve_meta_title_alignment":"","neve_meta_author_avatar":"","neve_post_elements_order":"","neve_meta_disable_header":"","neve_meta_disable_footer":"","neve_meta_disable_title":"off","jetpack_post_was_ever_published":false,"footnotes":""},"class_list":["post-12437","page","type-page","status-publish","hentry"],"jetpack_sharing_enabled":true,"_links":{"self":[{"href":"https:\/\/jorgeoesterheld.com\/index.php?rest_route=\/wp\/v2\/pages\/12437","targetHints":{"allow":["GET"]}}],"collection":[{"href":"https:\/\/jorgeoesterheld.com\/index.php?rest_route=\/wp\/v2\/pages"}],"about":[{"href":"https:\/\/jorgeoesterheld.com\/index.php?rest_route=\/wp\/v2\/types\/page"}],"author":[{"embeddable":true,"href":"https:\/\/jorgeoesterheld.com\/index.php?rest_route=\/wp\/v2\/users\/1"}],"replies":[{"embeddable":true,"href":"https:\/\/jorgeoesterheld.com\/index.php?rest_route=%2Fwp%2Fv2%2Fcomments&post=12437"}],"version-history":[{"count":10,"href":"https:\/\/jorgeoesterheld.com\/index.php?rest_route=\/wp\/v2\/pages\/12437\/revisions"}],"predecessor-version":[{"id":12650,"href":"https:\/\/jorgeoesterheld.com\/index.php?rest_route=\/wp\/v2\/pages\/12437\/revisions\/12650"}],"wp:attachment":[{"href":"https:\/\/jorgeoesterheld.com\/index.php?rest_route=%2Fwp%2Fv2%2Fmedia&parent=12437"}],"curies":[{"name":"wp","href":"https:\/\/api.w.org\/{rel}","templated":true}]}}