{"id":12395,"date":"2025-11-19T18:19:55","date_gmt":"2025-11-19T21:19:55","guid":{"rendered":"https:\/\/jorgeoesterheld.com\/?page_id=12395"},"modified":"2025-11-19T18:19:56","modified_gmt":"2025-11-19T21:19:56","slug":"tiempos-liturgicos","status":"publish","type":"page","link":"https:\/\/jorgeoesterheld.com\/?page_id=12395","title":{"rendered":"Tiempos lit\u00fargicos"},"content":{"rendered":"\n<p>El a\u00f1o lit\u00fargico es el ciclo anual mediante el cual la Iglesia Cat\u00f3lica organiza y celebra los misterios principales de la vida, muerte y resurrecci\u00f3n de Jesucristo, as\u00ed como los grandes acontecimientos de la historia de la salvaci\u00f3n.&nbsp;<\/p>\n\n\n\n<p>El a\u00f1o lit\u00fargico se divide en tiempos lit\u00fargicos, cada uno con su propio simbolismo, color y contenido espiritual (Adviento, Navidad, Cuaresma, Pascua y Tiempo Ordinario).<\/p>\n\n\n\n<p><strong>Adviento<\/strong>: Tiempo de preparaci\u00f3n y espera para el nacimiento de Jes\u00fas y su segunda venida. Sus cuatro semanas invitan a la conversi\u00f3n y la esperanza.<\/p>\n\n\n\n<p><strong>Navidad<\/strong>: Celebra el nacimiento de Cristo y su manifestaci\u00f3n como Salvador del mundo. Es momento de alegr\u00eda y contemplaci\u00f3n del misterio de la Encarnaci\u00f3n.<\/p>\n\n\n\n<p><strong>Cuaresma<\/strong>: Corresponde a cuarenta d\u00edas de penitencia, ayuno y reflexi\u00f3n antes de la Pascua, recordando el retiro de Jes\u00fas en el desierto. Culmina con la Semana Santa.<\/p>\n\n\n\n<p><strong>Pascua<\/strong>: Inicia con la resurrecci\u00f3n de Jes\u00fas y se extiende hasta Pentecost\u00e9s, celebrando la victoria de Cristo sobre la muerte y su presencia renovada en la Iglesia.<\/p>\n\n\n\n<p><strong>Tiempo Ordinario<\/strong>: Las partes del a\u00f1o fuera de los ciclos festivos. Son dos periodos donde se profundiza en la vida y ministerio p\u00fablico de Jes\u00fas, meditando sus ense\u00f1anzas y milagros. Se usa el color verde en las celebraciones.<\/p>\n","protected":false},"excerpt":{"rendered":"<p>El a\u00f1o lit\u00fargico es el ciclo anual mediante el cual la Iglesia Cat\u00f3lica organiza y celebra los misterios principales de la vida, muerte y resurrecci\u00f3n de Jesucristo, as\u00ed como los grandes acontecimientos de la historia de la salvaci\u00f3n.&nbsp; El a\u00f1o lit\u00fargico se divide en tiempos lit\u00fargicos, cada uno con su propio simbolismo, color y contenido&hellip;&nbsp;<a href=\"https:\/\/jorgeoesterheld.com\/?page_id=12395\" rel=\"bookmark\">Leer m\u00e1s &raquo;<span class=\"screen-reader-text\">Tiempos lit\u00fargicos<\/span><\/a><\/p>\n","protected":false},"author":1,"featured_media":0,"parent":0,"menu_order":0,"comment_status":"closed","ping_status":"closed","template":"","meta":{"neve_meta_sidebar":"","neve_meta_container":"","neve_meta_enable_content_width":"","neve_meta_content_width":0,"neve_meta_title_alignment":"","neve_meta_author_avatar":"","neve_post_elements_order":"","neve_meta_disable_header":"","neve_meta_disable_footer":"","neve_meta_disable_title":"","jetpack_post_was_ever_published":false,"footnotes":""},"class_list":["post-12395","page","type-page","status-publish","hentry"],"jetpack_sharing_enabled":true,"_links":{"self":[{"href":"https:\/\/jorgeoesterheld.com\/index.php?rest_route=\/wp\/v2\/pages\/12395","targetHints":{"allow":["GET"]}}],"collection":[{"href":"https:\/\/jorgeoesterheld.com\/index.php?rest_route=\/wp\/v2\/pages"}],"about":[{"href":"https:\/\/jorgeoesterheld.com\/index.php?rest_route=\/wp\/v2\/types\/page"}],"author":[{"embeddable":true,"href":"https:\/\/jorgeoesterheld.com\/index.php?rest_route=\/wp\/v2\/users\/1"}],"replies":[{"embeddable":true,"href":"https:\/\/jorgeoesterheld.com\/index.php?rest_route=%2Fwp%2Fv2%2Fcomments&post=12395"}],"version-history":[{"count":1,"href":"https:\/\/jorgeoesterheld.com\/index.php?rest_route=\/wp\/v2\/pages\/12395\/revisions"}],"predecessor-version":[{"id":12396,"href":"https:\/\/jorgeoesterheld.com\/index.php?rest_route=\/wp\/v2\/pages\/12395\/revisions\/12396"}],"wp:attachment":[{"href":"https:\/\/jorgeoesterheld.com\/index.php?rest_route=%2Fwp%2Fv2%2Fmedia&parent=12395"}],"curies":[{"name":"wp","href":"https:\/\/api.w.org\/{rel}","templated":true}]}}