{"id":12391,"date":"2025-11-19T18:25:46","date_gmt":"2025-11-19T21:25:46","guid":{"rendered":"https:\/\/jorgeoesterheld.com\/?page_id=12391"},"modified":"2025-11-25T10:32:58","modified_gmt":"2025-11-25T13:32:58","slug":"el-ano-liturgico","status":"publish","type":"page","link":"https:\/\/jorgeoesterheld.com\/?page_id=12391","title":{"rendered":"El a\u00f1o lit\u00fargico"},"content":{"rendered":"\n<p><strong><a href=\"https:\/\/jorgeoesterheld.com\/?page_id=12395\" data-type=\"page\" data-id=\"12395\" target=\"_blank\" rel=\"noreferrer noopener\">Qu\u00e9 es al a\u00f1o lit\u00fargico, sus diferentes tiempos<\/a> <\/strong><\/p>\n\n\n<div class=\"wp-block-image\">\n<figure class=\"aligncenter size-full is-resized has-custom-border\"><img fetchpriority=\"high\" decoding=\"async\" width=\"700\" height=\"434\" src=\"https:\/\/jorgeoesterheld.com\/wp-content\/uploads\/2025\/01\/tiempos.jpeg\" alt=\"\" class=\"wp-image-11190\" style=\"border-radius:21px;width:361px;height:auto\" srcset=\"https:\/\/jorgeoesterheld.com\/wp-content\/uploads\/2025\/01\/tiempos.jpeg 700w, https:\/\/jorgeoesterheld.com\/wp-content\/uploads\/2025\/01\/tiempos-300x186.jpeg 300w\" sizes=\"(max-width: 700px) 100vw, 700px\" \/><\/figure>\n<\/div>\n\n\n<hr class=\"wp-block-separator has-alpha-channel-opacity\"\/>\n\n\n\n<p><strong>Cu\u00e1les son los ciclos en los que se celebra<\/strong><\/p>\n\n\n\n<p>Cada ciclo corresponde a un a\u00f1o lit\u00fargico. Los tres ciclos se llaman A, B y C, y cada ciclo se centra en la lectura de uno de los Evangelios.<\/p>\n\n\n\n<p><strong><a href=\"https:\/\/jorgeoesterheld.com\/?page_id=12437\" data-type=\"page\" data-id=\"12437\" target=\"_blank\" rel=\"noreferrer noopener\">Ciclo A<\/a><\/strong>: Se centra en el Evangelio de Mateo, presenta a Jes\u00fas como el Mes\u00edas prometido, resaltando el cumplimiento de las profec\u00edas del Antiguo Testamento.<\/p>\n\n\n\n<p><strong>Ciclo B<\/strong>: Se basa en el Evangelio de Marcos, Jes\u00fas se muestra como el Siervo Sufriente, entregado y compasivo, que viene a servir y ofrecer su vida por la humanidad.<\/p>\n\n\n\n<p><strong><a href=\"https:\/\/jorgeoesterheld.com\/?page_id=12447\" data-type=\"page\" data-id=\"12447\" target=\"_blank\" rel=\"noreferrer noopener\">Ciclo C<\/a><\/strong>: Se enfoca en el Evangelio de Lucas, subraya la compasi\u00f3n de Jes\u00fas, su cercan\u00eda con los marginados, los pobres y los pecadores.<\/p>\n\n\n\n<p>El Evangelio de Juan se proclama en ocasiones especiales, sobre todo en el tiempo de Pascua y festividades importantes.<\/p>\n\n\n\n<hr class=\"wp-block-separator has-alpha-channel-opacity\"\/>\n\n\n\n<p><\/p>\n","protected":false},"excerpt":{"rendered":"<p>Qu\u00e9 es al a\u00f1o lit\u00fargico, sus diferentes tiempos Cu\u00e1les son los ciclos en los que se celebra Cada ciclo corresponde a un a\u00f1o lit\u00fargico. Los tres ciclos se llaman A, B y C, y cada ciclo se centra en la lectura de uno de los Evangelios. Ciclo A: Se centra en el Evangelio de Mateo,&hellip;&nbsp;<a href=\"https:\/\/jorgeoesterheld.com\/?page_id=12391\" rel=\"bookmark\">Leer m\u00e1s &raquo;<span class=\"screen-reader-text\">El a\u00f1o lit\u00fargico<\/span><\/a><\/p>\n","protected":false},"author":1,"featured_media":0,"parent":0,"menu_order":0,"comment_status":"closed","ping_status":"closed","template":"","meta":{"neve_meta_sidebar":"default","neve_meta_container":"","neve_meta_enable_content_width":"","neve_meta_content_width":0,"neve_meta_title_alignment":"","neve_meta_author_avatar":"","neve_post_elements_order":"","neve_meta_disable_header":"","neve_meta_disable_footer":"","neve_meta_disable_title":"off","jetpack_post_was_ever_published":false,"footnotes":""},"class_list":["post-12391","page","type-page","status-publish","hentry"],"jetpack_sharing_enabled":true,"_links":{"self":[{"href":"https:\/\/jorgeoesterheld.com\/index.php?rest_route=\/wp\/v2\/pages\/12391","targetHints":{"allow":["GET"]}}],"collection":[{"href":"https:\/\/jorgeoesterheld.com\/index.php?rest_route=\/wp\/v2\/pages"}],"about":[{"href":"https:\/\/jorgeoesterheld.com\/index.php?rest_route=\/wp\/v2\/types\/page"}],"author":[{"embeddable":true,"href":"https:\/\/jorgeoesterheld.com\/index.php?rest_route=\/wp\/v2\/users\/1"}],"replies":[{"embeddable":true,"href":"https:\/\/jorgeoesterheld.com\/index.php?rest_route=%2Fwp%2Fv2%2Fcomments&post=12391"}],"version-history":[{"count":10,"href":"https:\/\/jorgeoesterheld.com\/index.php?rest_route=\/wp\/v2\/pages\/12391\/revisions"}],"predecessor-version":[{"id":12463,"href":"https:\/\/jorgeoesterheld.com\/index.php?rest_route=\/wp\/v2\/pages\/12391\/revisions\/12463"}],"wp:attachment":[{"href":"https:\/\/jorgeoesterheld.com\/index.php?rest_route=%2Fwp%2Fv2%2Fmedia&parent=12391"}],"curies":[{"name":"wp","href":"https:\/\/api.w.org\/{rel}","templated":true}]}}