{"id":11909,"date":"2025-07-03T08:44:36","date_gmt":"2025-07-03T11:44:36","guid":{"rendered":"https:\/\/jorgeoesterheld.com\/?page_id=11909"},"modified":"2025-07-03T08:47:31","modified_gmt":"2025-07-03T11:47:31","slug":"explicacion-durante-el-ano","status":"publish","type":"page","link":"https:\/\/jorgeoesterheld.com\/?page_id=11909","title":{"rendered":"Explicaci\u00f3n durante el a\u00f1o"},"content":{"rendered":"\n<p><\/p>\n\n\n\n<h2 class=\"wp-block-heading has-text-align-center\">El Tiempo durante el a\u00f1o<\/h2>\n\n\n<div class=\"wp-block-image\">\n<figure class=\"aligncenter size-full is-resized has-custom-border\"><img fetchpriority=\"high\" decoding=\"async\" width=\"812\" height=\"512\" src=\"https:\/\/jorgeoesterheld.com\/wp-content\/uploads\/2025\/07\/Imagen-3-7-25-a-las-08.40.jpg\" alt=\"\" class=\"wp-image-11912\" style=\"border-radius:22px;width:205px;height:auto\" srcset=\"https:\/\/jorgeoesterheld.com\/wp-content\/uploads\/2025\/07\/Imagen-3-7-25-a-las-08.40.jpg 812w, https:\/\/jorgeoesterheld.com\/wp-content\/uploads\/2025\/07\/Imagen-3-7-25-a-las-08.40-300x189.jpg 300w, https:\/\/jorgeoesterheld.com\/wp-content\/uploads\/2025\/07\/Imagen-3-7-25-a-las-08.40-768x484.jpg 768w\" sizes=\"(max-width: 812px) 100vw, 812px\" \/><\/figure>\n<\/div>\n\n\n<p>En la liturgia de la Iglesia se llama&nbsp;<em>\u201ctiempo durante el a\u00f1o\u201d<\/em>&nbsp;o tiempo&nbsp;<em>\u201cordinario\u201d<\/em>&nbsp;a todas las semanas que no coinciden con los tiempos de Adviento, Navidad, Cuaresma y Pascua. En total son 33 semanas, es decir, m\u00e1s de la mitad del a\u00f1o.&nbsp;<\/p>\n\n\n\n<p>Ni tiempo&nbsp;<em>\u201cdurante el a\u00f1o\u201d<\/em>&nbsp;o tiempo&nbsp;<em>\u201cordinario\u201d<\/em>&nbsp;son dos expresiones muy felices \u00bfqu\u00e9 se quiere decir? \u00bfqu\u00e9 se celebra con esos nombres? En estas semanas celebramos el tiempo de todos los d\u00edas. Ese es el tiempo m\u00e1s importante porque en&nbsp;<em>el tiempo de todos los d\u00edas<\/em>&nbsp;vivimos nuestra vida. Es el tiempo en el que hacemos realidad el Evangelio, en el que tenemos la posibilidad de hacer vida la fe que profesamos.<\/p>\n\n\n\n<p>Si la fe que celebramos en la liturgia no llega hasta la vida de todos los d\u00edas se queda nada m\u00e1s que en una serie de ritos. Cada celebraci\u00f3n comunitaria, los tiempos lit\u00fargicos, todas nuestras oraciones, tienen sentido para sostener la fe que se vive en la vida de todos los d\u00edas. Durante&nbsp;<em>la vida de todos los d\u00edas<\/em>, en la familia, en el trabajo, en vacaciones, en la enfermedad o la salud, mientras dormimos o estamos despiertos, en cada momento de nuestra existencia, la fe se convierte en m\u00e1s que palabras y se hace vida.<\/p>\n\n\n\n<hr class=\"wp-block-separator has-alpha-channel-opacity\"\/>\n","protected":false},"excerpt":{"rendered":"<p>El Tiempo durante el a\u00f1o En la liturgia de la Iglesia se llama&nbsp;\u201ctiempo durante el a\u00f1o\u201d&nbsp;o tiempo&nbsp;\u201cordinario\u201d&nbsp;a todas las semanas que no coinciden con los tiempos de Adviento, Navidad, Cuaresma y Pascua. En total son 33 semanas, es decir, m\u00e1s de la mitad del a\u00f1o.&nbsp; Ni tiempo&nbsp;\u201cdurante el a\u00f1o\u201d&nbsp;o tiempo&nbsp;\u201cordinario\u201d&nbsp;son dos expresiones muy felices \u00bfqu\u00e9&hellip;&nbsp;<a href=\"https:\/\/jorgeoesterheld.com\/?page_id=11909\" rel=\"bookmark\">Leer m\u00e1s &raquo;<span class=\"screen-reader-text\">Explicaci\u00f3n durante el a\u00f1o<\/span><\/a><\/p>\n","protected":false},"author":1,"featured_media":0,"parent":0,"menu_order":0,"comment_status":"closed","ping_status":"closed","template":"","meta":{"neve_meta_sidebar":"full-width","neve_meta_container":"","neve_meta_enable_content_width":"","neve_meta_content_width":0,"neve_meta_title_alignment":"","neve_meta_author_avatar":"","neve_post_elements_order":"","neve_meta_disable_header":"off","neve_meta_disable_footer":"","neve_meta_disable_title":"on","jetpack_post_was_ever_published":false,"footnotes":""},"class_list":["post-11909","page","type-page","status-publish","hentry"],"jetpack_sharing_enabled":true,"_links":{"self":[{"href":"https:\/\/jorgeoesterheld.com\/index.php?rest_route=\/wp\/v2\/pages\/11909","targetHints":{"allow":["GET"]}}],"collection":[{"href":"https:\/\/jorgeoesterheld.com\/index.php?rest_route=\/wp\/v2\/pages"}],"about":[{"href":"https:\/\/jorgeoesterheld.com\/index.php?rest_route=\/wp\/v2\/types\/page"}],"author":[{"embeddable":true,"href":"https:\/\/jorgeoesterheld.com\/index.php?rest_route=\/wp\/v2\/users\/1"}],"replies":[{"embeddable":true,"href":"https:\/\/jorgeoesterheld.com\/index.php?rest_route=%2Fwp%2Fv2%2Fcomments&post=11909"}],"version-history":[{"count":5,"href":"https:\/\/jorgeoesterheld.com\/index.php?rest_route=\/wp\/v2\/pages\/11909\/revisions"}],"predecessor-version":[{"id":11915,"href":"https:\/\/jorgeoesterheld.com\/index.php?rest_route=\/wp\/v2\/pages\/11909\/revisions\/11915"}],"wp:attachment":[{"href":"https:\/\/jorgeoesterheld.com\/index.php?rest_route=%2Fwp%2Fv2%2Fmedia&parent=11909"}],"curies":[{"name":"wp","href":"https:\/\/api.w.org\/{rel}","templated":true}]}}