{"id":11508,"date":"2025-04-19T07:34:45","date_gmt":"2025-04-19T10:34:45","guid":{"rendered":"https:\/\/jorgeoesterheld.com\/?page_id=11508"},"modified":"2025-11-05T08:23:51","modified_gmt":"2025-11-05T11:23:51","slug":"pascua-c","status":"publish","type":"page","link":"https:\/\/jorgeoesterheld.com\/?page_id=11508","title":{"rendered":"Pascua C"},"content":{"rendered":"\t\t<div data-elementor-type=\"wp-page\" data-elementor-id=\"11508\" class=\"elementor elementor-11508\">\n\t\t\t\t\t\t<section class=\"elementor-section elementor-top-section elementor-element elementor-element-62c3cf68 elementor-section-boxed elementor-section-height-default elementor-section-height-default\" data-id=\"62c3cf68\" data-element_type=\"section\">\n\t\t\t\t\t\t<div class=\"elementor-container elementor-column-gap-default\">\n\t\t\t\t\t<div class=\"elementor-column elementor-col-100 elementor-top-column elementor-element elementor-element-cbf26f3\" data-id=\"cbf26f3\" data-element_type=\"column\">\n\t\t\t<div class=\"elementor-widget-wrap elementor-element-populated\">\n\t\t\t\t\t\t<div class=\"elementor-element elementor-element-5b08fe03 elementor-widget elementor-widget-text-editor\" data-id=\"5b08fe03\" data-element_type=\"widget\" data-widget_type=\"text-editor.default\">\n\t\t\t\t<div class=\"elementor-widget-container\">\n\t\t\t\t\t\t\t\t\t<p><!-- \/wp:paragraph --><!-- wp:separator --><\/p>\n<hr class=\"wp-block-separator has-alpha-channel-opacity\">\n<p><!-- \/wp:separator --><!-- wp:heading {\"textAlign\":\"center\",\"level\":1} --><\/p>\n<h1 class=\"wp-block-heading has-text-align-center\"><strong>Tiempo pascual<\/strong> C (2025)<\/h1>\n<p><!-- \/wp:heading --><!-- wp:image {\"id\":11509,\"width\":\"475px\",\"height\":\"auto\",\"sizeSlug\":\"full\",\"linkDestination\":\"none\",\"align\":\"center\",\"style\":{\"border\":{\"radius\":\"24px\"}}} --><\/p>\n<figure class=\"wp-block-image aligncenter size-full is-resized has-custom-border\"><img fetchpriority=\"high\" decoding=\"async\" width=\"757\" height=\"497\" class=\"wp-image-11509\" style=\"border-radius: 24px; width: 475px; height: auto;\" src=\"https:\/\/jorgeoesterheld.com\/wp-content\/uploads\/2025\/04\/3ad9ae0b-ab96-4b12-8fd2-797f51b732d5.jpg\" alt=\"\" srcset=\"https:\/\/jorgeoesterheld.com\/wp-content\/uploads\/2025\/04\/3ad9ae0b-ab96-4b12-8fd2-797f51b732d5.jpg 757w, https:\/\/jorgeoesterheld.com\/wp-content\/uploads\/2025\/04\/3ad9ae0b-ab96-4b12-8fd2-797f51b732d5-300x197.jpg 300w\" sizes=\"(max-width: 757px) 100vw, 757px\" \/><\/figure>\n<p><!-- \/wp:image --><!-- wp:separator --><\/p>\n<hr class=\"wp-block-separator has-alpha-channel-opacity\">\n<p><!-- \/wp:separator --><!-- wp:paragraph {\"align\":\"center\"} --><\/p>\n<p class=\"has-text-align-center\"><strong>Primer domingo<\/strong><\/p>\n<p><!-- \/wp:paragraph --><!-- wp:image {\"id\":11509,\"width\":\"136px\",\"height\":\"auto\",\"sizeSlug\":\"full\",\"linkDestination\":\"none\",\"align\":\"center\",\"style\":{\"border\":{\"radius\":\"24px\"}}} --><\/p>\n<figure class=\"wp-block-image aligncenter size-full is-resized has-custom-border\"><img decoding=\"async\" width=\"757\" height=\"497\" class=\"wp-image-11509\" style=\"border-radius: 24px; width: 136px; height: auto;\" src=\"https:\/\/jorgeoesterheld.com\/wp-content\/uploads\/2025\/04\/3ad9ae0b-ab96-4b12-8fd2-797f51b732d5.jpg\" alt=\"\" srcset=\"https:\/\/jorgeoesterheld.com\/wp-content\/uploads\/2025\/04\/3ad9ae0b-ab96-4b12-8fd2-797f51b732d5.jpg 757w, https:\/\/jorgeoesterheld.com\/wp-content\/uploads\/2025\/04\/3ad9ae0b-ab96-4b12-8fd2-797f51b732d5-300x197.jpg 300w\" sizes=\"(max-width: 757px) 100vw, 757px\" \/><\/figure>\n<p><!-- \/wp:image --><!-- wp:paragraph {\"align\":\"center\"} --><\/p>\n<p class=\"has-text-align-center\"><a href=\"https:\/\/jorgeoesterheld.com\/?p=11495\" target=\"_blank\" rel=\"noreferrer noopener\">El comienzo de una nueva historia<\/a><\/p>\n<p><!-- \/wp:paragraph --><!-- wp:separator {\"align\":\"center\"} --><\/p>\n<hr class=\"wp-block-separator aligncenter has-alpha-channel-opacity\">\n<p><!-- \/wp:separator --><!-- wp:paragraph {\"align\":\"center\"} --><\/p>\n<p class=\"has-text-align-center\"><strong>Segundo domingo<\/strong><\/p>\n<p><!-- \/wp:paragraph --><!-- wp:image {\"id\":11528,\"width\":\"139px\",\"height\":\"auto\",\"sizeSlug\":\"full\",\"linkDestination\":\"none\",\"align\":\"center\",\"style\":{\"border\":{\"radius\":\"17px\"}}} --><\/p>\n<figure class=\"wp-block-image aligncenter size-full is-resized has-custom-border\"><img decoding=\"async\" width=\"834\" height=\"534\" class=\"wp-image-11528\" style=\"border-radius: 17px; width: 139px; height: auto;\" src=\"https:\/\/jorgeoesterheld.com\/wp-content\/uploads\/2025\/04\/la-paz.jpeg\" alt=\"\" srcset=\"https:\/\/jorgeoesterheld.com\/wp-content\/uploads\/2025\/04\/la-paz.jpeg 834w, https:\/\/jorgeoesterheld.com\/wp-content\/uploads\/2025\/04\/la-paz-300x192.jpeg 300w, https:\/\/jorgeoesterheld.com\/wp-content\/uploads\/2025\/04\/la-paz-768x492.jpeg 768w\" sizes=\"(max-width: 834px) 100vw, 834px\" \/><\/figure>\n<p><!-- \/wp:image --><!-- wp:paragraph {\"align\":\"center\"} --><\/p>\n<p class=\"has-text-align-center\"><a href=\"https:\/\/jorgeoesterheld.com\/?p=11498\" target=\"_blank\" rel=\"noreferrer noopener\">La paz est\u00e9 con ustedes<\/a><\/p>\n<p><!-- \/wp:paragraph --><!-- wp:separator --><\/p>\n<hr class=\"wp-block-separator has-alpha-channel-opacity\">\n<p><!-- \/wp:separator --><!-- wp:paragraph {\"align\":\"center\"} --><\/p>\n<p class=\"has-text-align-center\"><strong>Tercer domingo<\/strong><\/p>\n<p><!-- \/wp:paragraph --><!-- wp:image {\"id\":11534,\"width\":\"147px\",\"height\":\"auto\",\"sizeSlug\":\"full\",\"linkDestination\":\"none\",\"align\":\"center\",\"style\":{\"border\":{\"radius\":\"20px\"}}} --><\/p>\n<figure class=\"wp-block-image aligncenter size-full is-resized has-custom-border\"><img loading=\"lazy\" decoding=\"async\" width=\"800\" height=\"373\" class=\"wp-image-11534\" style=\"border-radius: 20px; width: 147px; height: auto;\" src=\"https:\/\/jorgeoesterheld.com\/wp-content\/uploads\/2025\/04\/comer.jpeg\" alt=\"\" srcset=\"https:\/\/jorgeoesterheld.com\/wp-content\/uploads\/2025\/04\/comer.jpeg 800w, https:\/\/jorgeoesterheld.com\/wp-content\/uploads\/2025\/04\/comer-300x140.jpeg 300w, https:\/\/jorgeoesterheld.com\/wp-content\/uploads\/2025\/04\/comer-768x358.jpeg 768w\" sizes=\"(max-width: 800px) 100vw, 800px\" \/><\/figure>\n<p><!-- \/wp:image --><!-- wp:paragraph {\"align\":\"center\"} --><\/p>\n<p class=\"has-text-align-center\"><a href=\"https:\/\/jorgeoesterheld.com\/?p=11500\" target=\"_blank\" rel=\"noreferrer noopener\">\u00bfTienen algo para comer?<\/a><\/p>\n<p><!-- \/wp:paragraph --><!-- wp:separator --><\/p>\n<hr class=\"wp-block-separator has-alpha-channel-opacity\">\n<p><!-- \/wp:separator --><!-- wp:paragraph {\"align\":\"center\"} --><\/p>\n<p class=\"has-text-align-center\"><strong>Cuarto domingo<\/strong><\/p>\n<p><!-- \/wp:paragraph --><!-- wp:image {\"id\":11537,\"width\":\"161px\",\"height\":\"auto\",\"sizeSlug\":\"full\",\"linkDestination\":\"none\",\"align\":\"center\",\"style\":{\"border\":{\"radius\":\"20px\"}}} --><\/p>\n<figure class=\"wp-block-image aligncenter size-full is-resized has-custom-border\"><img loading=\"lazy\" decoding=\"async\" width=\"800\" height=\"452\" class=\"wp-image-11537\" style=\"border-radius: 20px; width: 161px; height: auto;\" src=\"https:\/\/jorgeoesterheld.com\/wp-content\/uploads\/2025\/04\/pastor.jpeg\" alt=\"\" srcset=\"https:\/\/jorgeoesterheld.com\/wp-content\/uploads\/2025\/04\/pastor.jpeg 800w, https:\/\/jorgeoesterheld.com\/wp-content\/uploads\/2025\/04\/pastor-300x170.jpeg 300w, https:\/\/jorgeoesterheld.com\/wp-content\/uploads\/2025\/04\/pastor-768x434.jpeg 768w\" sizes=\"(max-width: 800px) 100vw, 800px\" \/><\/figure>\n<p><!-- \/wp:image --><!-- wp:paragraph {\"align\":\"center\"} --><\/p>\n<p class=\"has-text-align-center\"><a href=\"https:\/\/jorgeoesterheld.com\/?p=11502\" target=\"_blank\" rel=\"noreferrer noopener\" data-type=\"post\" data-id=\"11502\">Mis ovejas escuchan mi voz<\/a><\/p>\n<p><!-- \/wp:paragraph --><!-- wp:separator --><\/p>\n<hr class=\"wp-block-separator has-alpha-channel-opacity\">\n<p><!-- \/wp:separator --><!-- wp:paragraph {\"align\":\"center\"} --><\/p>\n<p class=\"has-text-align-center\"><strong>Quinto domingo<\/strong><\/p>\n<p><!-- \/wp:paragraph --><!-- wp:image {\"id\":11543,\"width\":\"153px\",\"height\":\"auto\",\"sizeSlug\":\"full\",\"linkDestination\":\"none\",\"align\":\"center\",\"style\":{\"border\":{\"radius\":\"22px\"}}} --><\/p>\n<figure class=\"wp-block-image aligncenter size-full is-resized has-custom-border\"><img loading=\"lazy\" decoding=\"async\" width=\"800\" height=\"414\" class=\"wp-image-11543\" style=\"border-radius: 22px; width: 153px; height: auto;\" src=\"https:\/\/jorgeoesterheld.com\/wp-content\/uploads\/2025\/04\/senaal-camino.jpeg\" alt=\"\" srcset=\"https:\/\/jorgeoesterheld.com\/wp-content\/uploads\/2025\/04\/senaal-camino.jpeg 800w, https:\/\/jorgeoesterheld.com\/wp-content\/uploads\/2025\/04\/senaal-camino-300x155.jpeg 300w, https:\/\/jorgeoesterheld.com\/wp-content\/uploads\/2025\/04\/senaal-camino-768x397.jpeg 768w\" sizes=\"(max-width: 800px) 100vw, 800px\" \/><\/figure>\n<p><!-- \/wp:image --><!-- wp:paragraph {\"align\":\"center\"} --><\/p>\n<p class=\"has-text-align-center\"><a href=\"https:\/\/jorgeoesterheld.com\/?p=11504\" target=\"_blank\" rel=\"noreferrer noopener\" data-type=\"post\" data-id=\"11504\">La se\u00f1al<\/a><\/p>\n<p><!-- \/wp:paragraph --><!-- wp:separator --><\/p>\n<hr class=\"wp-block-separator has-alpha-channel-opacity\">\n<p><!-- \/wp:separator --><!-- wp:paragraph {\"align\":\"center\"} --><\/p>\n<p class=\"has-text-align-center\"><strong>Sexto domingo<\/strong><\/p>\n<p><!-- \/wp:paragraph --><!-- wp:image {\"id\":11539,\"width\":\"185px\",\"height\":\"auto\",\"sizeSlug\":\"full\",\"linkDestination\":\"none\",\"align\":\"center\",\"style\":{\"border\":{\"radius\":\"22px\"}}} --><\/p>\n<figure class=\"wp-block-image aligncenter size-full is-resized has-custom-border\"><img loading=\"lazy\" decoding=\"async\" width=\"800\" height=\"251\" class=\"wp-image-11539\" style=\"border-radius: 22px; width: 185px; height: auto;\" src=\"https:\/\/jorgeoesterheld.com\/wp-content\/uploads\/2025\/04\/no-teman.jpeg\" alt=\"\" srcset=\"https:\/\/jorgeoesterheld.com\/wp-content\/uploads\/2025\/04\/no-teman.jpeg 800w, https:\/\/jorgeoesterheld.com\/wp-content\/uploads\/2025\/04\/no-teman-300x94.jpeg 300w, https:\/\/jorgeoesterheld.com\/wp-content\/uploads\/2025\/04\/no-teman-768x241.jpeg 768w\" sizes=\"(max-width: 800px) 100vw, 800px\" \/><\/figure>\n<p><!-- \/wp:image --><!-- wp:paragraph {\"align\":\"center\"} --><\/p>\n<p class=\"has-text-align-center\"><a href=\"https:\/\/jorgeoesterheld.com\/?p=11506\" target=\"_blank\" rel=\"noreferrer noopener\">No se inquieten ni teman<\/a><\/p>\n<p><!-- \/wp:paragraph --><!-- wp:separator --><\/p>\n<hr class=\"wp-block-separator has-alpha-channel-opacity\">\n<p><!-- \/wp:separator --><!-- wp:paragraph {\"align\":\"center\"} --><\/p>\n<p class=\"has-text-align-center\"><strong>Ascensi\u00f3n<\/strong><\/p>\n<p><!-- \/wp:paragraph --><!-- wp:image {\"id\":11595,\"width\":\"132px\",\"height\":\"auto\",\"sizeSlug\":\"full\",\"linkDestination\":\"none\",\"align\":\"center\",\"style\":{\"border\":{\"radius\":\"22px\"}}} --><\/p>\n<figure class=\"wp-block-image aligncenter size-full is-resized has-custom-border\"><img loading=\"lazy\" decoding=\"async\" width=\"800\" height=\"504\" class=\"wp-image-11595\" style=\"border-radius: 22px; width: 132px; height: auto;\" src=\"https:\/\/jorgeoesterheld.com\/wp-content\/uploads\/2025\/05\/cielo.jpeg\" alt=\"\" srcset=\"https:\/\/jorgeoesterheld.com\/wp-content\/uploads\/2025\/05\/cielo.jpeg 800w, https:\/\/jorgeoesterheld.com\/wp-content\/uploads\/2025\/05\/cielo-300x189.jpeg 300w, https:\/\/jorgeoesterheld.com\/wp-content\/uploads\/2025\/05\/cielo-768x484.jpeg 768w\" sizes=\"(max-width: 800px) 100vw, 800px\" \/><\/figure>\n<p><!-- \/wp:image --><!-- wp:paragraph {\"align\":\"center\"} --><\/p>\n<p class=\"has-text-align-center\"><a href=\"https:\/\/jorgeoesterheld.com\/?p=11593\" target=\"_blank\" rel=\"noreferrer noopener\">Al cielo<\/a><\/p>\n<p><!-- \/wp:paragraph --><!-- wp:separator --><\/p>\n<hr class=\"wp-block-separator has-alpha-channel-opacity\">\n<p><!-- \/wp:separator --><!-- wp:paragraph {\"align\":\"center\"} --><\/p>\n<p class=\"has-text-align-center\"><strong>Pentecost\u00e9s<\/strong><\/p>\n<p><!-- \/wp:paragraph --><!-- wp:image {\"id\":11610,\"width\":\"129px\",\"height\":\"auto\",\"sizeSlug\":\"full\",\"linkDestination\":\"none\",\"align\":\"center\",\"style\":{\"border\":{\"radius\":\"12px\"}}} --><\/p>\n<figure class=\"wp-block-image aligncenter size-full is-resized has-custom-border\"><img loading=\"lazy\" decoding=\"async\" width=\"800\" height=\"424\" class=\"wp-image-11610\" style=\"border-radius: 12px; width: 129px; height: auto;\" src=\"https:\/\/jorgeoesterheld.com\/wp-content\/uploads\/2025\/05\/fuego1.jpeg\" alt=\"\" srcset=\"https:\/\/jorgeoesterheld.com\/wp-content\/uploads\/2025\/05\/fuego1.jpeg 800w, https:\/\/jorgeoesterheld.com\/wp-content\/uploads\/2025\/05\/fuego1-300x159.jpeg 300w, https:\/\/jorgeoesterheld.com\/wp-content\/uploads\/2025\/05\/fuego1-768x407.jpeg 768w\" sizes=\"(max-width: 800px) 100vw, 800px\" \/><\/figure>\n<p><!-- \/wp:image --><!-- wp:paragraph {\"align\":\"center\"} --><\/p>\n<p class=\"has-text-align-center\"><a href=\"https:\/\/jorgeoesterheld.com\/?p=11608\">Viento y fuego<\/a><\/p>\n<p><!-- \/wp:paragraph --><!-- wp:separator --><\/p>\n<hr class=\"wp-block-separator has-alpha-channel-opacity\">\n<p><!-- \/wp:separator --><!-- wp:image {\"lightbox\":{\"enabled\":false},\"id\":11059,\"width\":\"397px\",\"height\":\"auto\",\"sizeSlug\":\"large\",\"linkDestination\":\"custom\",\"align\":\"center\",\"style\":{\"border\":{\"radius\":\"24px\"}}} --><\/p>\n<figure class=\"wp-block-image aligncenter size-large is-resized has-custom-border\"><a href=\"https:\/\/tiendaclaretiana.com.ar\/productos\/quimio-y-fe\/\" target=\"_blank\" rel=\"noreferrer noopener\"><img loading=\"lazy\" decoding=\"async\" width=\"1024\" height=\"308\" class=\"wp-image-11059\" style=\"border-radius: 24px; width: 397px; height: auto;\" src=\"https:\/\/jorgeoesterheld.com\/wp-content\/uploads\/2024\/12\/Imagen-18-12-24-a-las-6.45\u202fp.-m-1024x308.jpg\" alt=\"\" srcset=\"https:\/\/jorgeoesterheld.com\/wp-content\/uploads\/2024\/12\/Imagen-18-12-24-a-las-6.45\u202fp.-m-1024x308.jpg 1024w, https:\/\/jorgeoesterheld.com\/wp-content\/uploads\/2024\/12\/Imagen-18-12-24-a-las-6.45\u202fp.-m-300x90.jpg 300w, https:\/\/jorgeoesterheld.com\/wp-content\/uploads\/2024\/12\/Imagen-18-12-24-a-las-6.45\u202fp.-m-768x231.jpg 768w, https:\/\/jorgeoesterheld.com\/wp-content\/uploads\/2024\/12\/Imagen-18-12-24-a-las-6.45\u202fp.-m-1536x462.jpg 1536w, https:\/\/jorgeoesterheld.com\/wp-content\/uploads\/2024\/12\/Imagen-18-12-24-a-las-6.45\u202fp.-m-2048x616.jpg 2048w\" sizes=\"(max-width: 1024px) 100vw, 1024px\" \/><\/a><\/figure>\n<p><!-- \/wp:image --><!-- wp:separator --><\/p>\n<hr class=\"wp-block-separator has-alpha-channel-opacity\">\n<p><!-- \/wp:separator --><!-- wp:image {\"lightbox\":{\"enabled\":false},\"id\":9259,\"width\":\"201px\",\"height\":\"auto\",\"sizeSlug\":\"full\",\"linkDestination\":\"custom\",\"align\":\"center\",\"className\":\"is-style-rounded\"} --><\/p>\n<figure class=\"wp-block-image aligncenter size-full is-resized is-style-rounded\"><a href=\"https:\/\/open.spotify.com\/show\/1JK37EK8v0riXin50gaOcn?si=6770a51c62ac4377\" target=\"_blank\" rel=\"noreferrer noopener\"><img loading=\"lazy\" decoding=\"async\" width=\"255\" height=\"117\" class=\"wp-image-9259\" style=\"width: 201px; height: auto;\" src=\"https:\/\/jorgeoesterheld.com\/wp-content\/uploads\/2023\/11\/audio-hom.jpg\" alt=\"\"><\/a><\/figure>\n<p><!-- \/wp:image --><!-- wp:separator --><\/p>\n<hr class=\"wp-block-separator has-alpha-channel-opacity\">\n<p><!-- \/wp:separator --><\/p>\t\t\t\t\t\t\t\t<\/div>\n\t\t\t\t<\/div>\n\t\t\t\t\t<\/div>\n\t\t<\/div>\n\t\t\t\t\t<\/div>\n\t\t<\/section>\n\t\t\t\t<\/div>\n\t\t","protected":false},"excerpt":{"rendered":"<p>Tiempo pascual C (2025) Primer domingo El comienzo de una nueva historia Segundo domingo La paz est\u00e9 con ustedes Tercer domingo \u00bfTienen algo para comer? Cuarto domingo Mis ovejas escuchan mi voz Quinto domingo La se\u00f1al Sexto domingo No se inquieten ni teman Ascensi\u00f3n Al cielo Pentecost\u00e9s Viento y fuego<\/p>\n","protected":false},"author":1,"featured_media":0,"parent":0,"menu_order":0,"comment_status":"closed","ping_status":"closed","template":"","meta":{"neve_meta_sidebar":"full-width","neve_meta_container":"","neve_meta_enable_content_width":"","neve_meta_content_width":0,"neve_meta_title_alignment":"","neve_meta_author_avatar":"","neve_post_elements_order":"","neve_meta_disable_header":"","neve_meta_disable_footer":"","neve_meta_disable_title":"","jetpack_post_was_ever_published":false,"footnotes":""},"class_list":["post-11508","page","type-page","status-publish","hentry"],"jetpack_sharing_enabled":true,"_links":{"self":[{"href":"https:\/\/jorgeoesterheld.com\/index.php?rest_route=\/wp\/v2\/pages\/11508","targetHints":{"allow":["GET"]}}],"collection":[{"href":"https:\/\/jorgeoesterheld.com\/index.php?rest_route=\/wp\/v2\/pages"}],"about":[{"href":"https:\/\/jorgeoesterheld.com\/index.php?rest_route=\/wp\/v2\/types\/page"}],"author":[{"embeddable":true,"href":"https:\/\/jorgeoesterheld.com\/index.php?rest_route=\/wp\/v2\/users\/1"}],"replies":[{"embeddable":true,"href":"https:\/\/jorgeoesterheld.com\/index.php?rest_route=%2Fwp%2Fv2%2Fcomments&post=11508"}],"version-history":[{"count":25,"href":"https:\/\/jorgeoesterheld.com\/index.php?rest_route=\/wp\/v2\/pages\/11508\/revisions"}],"predecessor-version":[{"id":12320,"href":"https:\/\/jorgeoesterheld.com\/index.php?rest_route=\/wp\/v2\/pages\/11508\/revisions\/12320"}],"wp:attachment":[{"href":"https:\/\/jorgeoesterheld.com\/index.php?rest_route=%2Fwp%2Fv2%2Fmedia&parent=11508"}],"curies":[{"name":"wp","href":"https:\/\/api.w.org\/{rel}","templated":true}]}}