{"id":11026,"date":"2024-12-19T16:33:20","date_gmt":"2024-12-19T19:33:20","guid":{"rendered":"https:\/\/jorgeoesterheld.com\/?page_id=11026"},"modified":"2025-08-23T17:22:13","modified_gmt":"2025-08-23T20:22:13","slug":"quimio-y-fe","status":"publish","type":"page","link":"https:\/\/jorgeoesterheld.com\/?page_id=11026","title":{"rendered":"Quimio y fe"},"content":{"rendered":"\n<figure class=\"wp-block-image size-large has-custom-border\"><a href=\"https:\/\/tiendaclaretiana.com.ar\/productos\/quimio-y-fe\/\" target=\"_blank\" rel=\" noreferrer noopener\"><img fetchpriority=\"high\" decoding=\"async\" width=\"1024\" height=\"308\" src=\"https:\/\/jorgeoesterheld.com\/wp-content\/uploads\/2024\/12\/Imagen-18-12-24-a-las-6.45\u202fp.-m-1024x308.jpg\" alt=\"\" class=\"wp-image-11059\" style=\"border-radius:24px\" srcset=\"https:\/\/jorgeoesterheld.com\/wp-content\/uploads\/2024\/12\/Imagen-18-12-24-a-las-6.45\u202fp.-m-1024x308.jpg 1024w, https:\/\/jorgeoesterheld.com\/wp-content\/uploads\/2024\/12\/Imagen-18-12-24-a-las-6.45\u202fp.-m-300x90.jpg 300w, https:\/\/jorgeoesterheld.com\/wp-content\/uploads\/2024\/12\/Imagen-18-12-24-a-las-6.45\u202fp.-m-768x231.jpg 768w, https:\/\/jorgeoesterheld.com\/wp-content\/uploads\/2024\/12\/Imagen-18-12-24-a-las-6.45\u202fp.-m-1536x462.jpg 1536w, https:\/\/jorgeoesterheld.com\/wp-content\/uploads\/2024\/12\/Imagen-18-12-24-a-las-6.45\u202fp.-m-2048x616.jpg 2048w\" sizes=\"(max-width: 1024px) 100vw, 1024px\" \/><\/a><\/figure>\n\n\n\n<p>&nbsp;<\/p>\n\n\n\n<hr class=\"wp-block-separator has-alpha-channel-opacity\"\/>\n\n\n\n<p><strong>Quimio y Fe. El milagro es la confianza<\/strong>, es un libro que aborda la experiencia personal del P.&nbsp;<em>Jorge Oesterheld<\/em>, en su lucha contra la enfermedad y su b\u00fasqueda de la fe y la esperanza en medio de la adversidad. A trav\u00e9s de una narrativa emotiva y reflexiva, el autor comparte su viaje de descubrimiento y crecimiento espiritual, destacando la importancia de la fe, la oraci\u00f3n y la conexi\u00f3n con Dios en momentos de crisis.<\/p>\n\n\n\n<p>Este libro es una herramienta valiosa para aquellos que buscan encontrar consuelo y fortaleza en su propia lucha contra la enfermedad, la p\u00e9rdida o la adversidad. Tambi\u00e9n es un recurso \u00fatil para pastores, presb\u00edteros, consejeros y l\u00edderes espirituales que buscan apoyar a sus comunidades en momentos de necesidad.<\/p>\n\n\n\n<p>Algunos de los temas que se abordan en este libro incluyen:<\/p>\n\n\n\n<p>&#8211; La b\u00fasqueda de la fe y la esperanza en medio de la adversidad<\/p>\n\n\n\n<p>&#8211; La importancia de la oraci\u00f3n y la conexi\u00f3n con Dios en momentos de crisis<\/p>\n\n\n\n<p>&#8211; El papel de la fe en la superaci\u00f3n de la enfermedad y la p\u00e9rdida<\/p>\n\n\n\n<p>&#8211; La necesidad de encontrar consuelo y fortaleza en la fe en momentos de necesidad<\/p>\n\n\n\n<p>Este libro es una lectura emocionante y reflexiva que invita a los lectores a profundizar en su fe y a encontrar consuelo y fortaleza en la presencia de Dios.<\/p>\n\n\n\n<p><strong>Del pr\u00f3logo:<\/strong><\/p>\n\n\n\n<p>&#8220;El autor nos muestra el camino de reconstrucci\u00f3n y recuperaci\u00f3n de la salud, y tambi\u00e9n de la renovaci\u00f3n de su fe. El hospital, como el lugar en el que se reza m\u00e1s que en las Iglesias, la oraci\u00f3n silenciosa de los enfermos, la presencia intima del Se\u00f1or en el coraz\u00f3n del hombre, la paz del encuentro (&#8230;) El padre Jorge nos revela la enfermedad como un camino de encuentro con su Se\u00f1or y cincuenta a\u00f1os despu\u00e9s vuelve a decir \u201cAm\u00e9n&#8221;, como el d\u00eda de su ordenaci\u00f3n. (&#8230;) Anhelo que este texto llegue a todos los que experimentan el cimbronazo de la enfermedad y a todos cu\u00e1ntos tratan de aliviar sus padecimientos&#8221; (Ernesto Gil Deza. M\u00e9dico onc\u00f3logo).<\/p>\n\n\n\n<hr class=\"wp-block-separator has-alpha-channel-opacity\"\/>\n\n\n\n<h2 class=\"wp-block-heading\"><strong>Comprar en la editorial:<\/strong><\/h2>\n\n\n\n<p><a href=\"https:\/\/tiendaclaretiana.com.ar\/productos\/quimio-y-fe\/\">https:\/\/tiendaclaretiana.com.ar\/productos\/quimio-y-fe\/<\/a><\/p>\n\n\n\n<hr class=\"wp-block-separator has-alpha-channel-opacity\"\/>\n\n\n\n<p><\/p>\n","protected":false},"excerpt":{"rendered":"<p>&nbsp; Quimio y Fe. El milagro es la confianza, es un libro que aborda la experiencia personal del P.&nbsp;Jorge Oesterheld, en su lucha contra la enfermedad y su b\u00fasqueda de la fe y la esperanza en medio de la adversidad. A trav\u00e9s de una narrativa emotiva y reflexiva, el autor comparte su viaje de descubrimiento&hellip;&nbsp;<a href=\"https:\/\/jorgeoesterheld.com\/?page_id=11026\" rel=\"bookmark\">Leer m\u00e1s &raquo;<span class=\"screen-reader-text\">Quimio y fe<\/span><\/a><\/p>\n","protected":false},"author":1,"featured_media":0,"parent":0,"menu_order":0,"comment_status":"closed","ping_status":"closed","template":"","meta":{"neve_meta_sidebar":"full-width","neve_meta_container":"","neve_meta_enable_content_width":"","neve_meta_content_width":0,"neve_meta_title_alignment":"","neve_meta_author_avatar":"","neve_post_elements_order":"","neve_meta_disable_header":"","neve_meta_disable_footer":"","neve_meta_disable_title":"","footnotes":""},"class_list":["post-11026","page","type-page","status-publish","hentry"],"jetpack_sharing_enabled":true,"_links":{"self":[{"href":"https:\/\/jorgeoesterheld.com\/index.php?rest_route=\/wp\/v2\/pages\/11026","targetHints":{"allow":["GET"]}}],"collection":[{"href":"https:\/\/jorgeoesterheld.com\/index.php?rest_route=\/wp\/v2\/pages"}],"about":[{"href":"https:\/\/jorgeoesterheld.com\/index.php?rest_route=\/wp\/v2\/types\/page"}],"author":[{"embeddable":true,"href":"https:\/\/jorgeoesterheld.com\/index.php?rest_route=\/wp\/v2\/users\/1"}],"replies":[{"embeddable":true,"href":"https:\/\/jorgeoesterheld.com\/index.php?rest_route=%2Fwp%2Fv2%2Fcomments&post=11026"}],"version-history":[{"count":24,"href":"https:\/\/jorgeoesterheld.com\/index.php?rest_route=\/wp\/v2\/pages\/11026\/revisions"}],"predecessor-version":[{"id":12075,"href":"https:\/\/jorgeoesterheld.com\/index.php?rest_route=\/wp\/v2\/pages\/11026\/revisions\/12075"}],"wp:attachment":[{"href":"https:\/\/jorgeoesterheld.com\/index.php?rest_route=%2Fwp%2Fv2%2Fmedia&parent=11026"}],"curies":[{"name":"wp","href":"https:\/\/api.w.org\/{rel}","templated":true}]}}